{"id":21211,"date":"2023-09-13T11:51:52","date_gmt":"2023-09-13T15:51:52","guid":{"rendered":"https:\/\/www.lamontagnesecrete.com\/?post_type=product&#038;p=21211"},"modified":"2023-09-13T12:03:06","modified_gmt":"2023-09-13T16:03:06","slug":"les-quatre-saisons-du-pipa-guide-daccompagnement","status":"publish","type":"product","link":"https:\/\/www.lamontagnesecrete.com\/en\/nos-albums\/les-quatre-saisons-du-pipa-guide-daccompagnement\/","title":{"rendered":"Les quatre saisons du pipa  \u2013 Guide d\u2019accompagnement"},"content":{"rendered":"","protected":false},"excerpt":{"rendered":"<p>Ce guide d\u2019accompagnement pour l\u2019album musical Les quatre saisons du pipa a \u00e9t\u00e9 con\u00e7u pour les enseignants de 2<sup>e<\/sup> et 3<sup>e<\/sup> cycles du primaire.<\/p>\n","protected":false},"featured_media":21207,"comment_status":"closed","ping_status":"closed","template":"","meta":{"_acf_changed":false,"_exactmetrics_skip_tracking":false,"_exactmetrics_sitenote_active":false,"_exactmetrics_sitenote_note":"","_exactmetrics_sitenote_category":0},"product_brand":[],"product_cat":[202],"product_tag":[],"class_list":{"0":"post-21211","1":"product","2":"type-product","3":"status-publish","4":"has-post-thumbnail","6":"product_cat-guide","8":"first","9":"instock","10":"downloadable","11":"virtual","12":"product-type-simple"},"acf":[],"yoast_head":"<!-- This site is optimized with the Yoast SEO plugin v26.9 - https:\/\/yoast.com\/product\/yoast-seo-wordpress\/ -->\n<title>Les quatre saisons du pipa \u2013 Guide d\u2019accompagnement - La Montagne Secr\u00e8te<\/title>\n<meta name=\"robots\" content=\"noindex, follow\" \/>\n<meta property=\"og:locale\" content=\"en_US\" \/>\n<meta property=\"og:type\" content=\"article\" \/>\n<meta property=\"og:title\" content=\"Les quatre saisons du pipa \u2013 Guide d\u2019accompagnement - La Montagne Secr\u00e8te\" \/>\n<meta property=\"og:description\" content=\"Ce guide d\u2019accompagnement pour l\u2019album musical Les quatre saisons du pipa a \u00e9t\u00e9 con\u00e7u pour les enseignants de 2e et 3e cycles du primaire.\" \/>\n<meta property=\"og:url\" content=\"https:\/\/www.lamontagnesecrete.com\/en\/nos-albums\/les-quatre-saisons-du-pipa-guide-daccompagnement\/\" \/>\n<meta property=\"og:site_name\" content=\"La Montagne Secr\u00e8te\" \/>\n<meta property=\"article:modified_time\" content=\"2023-09-13T16:03:06+00:00\" \/>\n<meta property=\"og:image\" content=\"https:\/\/www.lamontagnesecrete.com\/wp-content\/uploads\/2023\/09\/Guide_Pipa.jpg\" \/>\n\t<meta property=\"og:image:width\" content=\"1080\" \/>\n\t<meta property=\"og:image:height\" content=\"570\" \/>\n\t<meta property=\"og:image:type\" content=\"image\/jpeg\" \/>\n<meta name=\"twitter:card\" content=\"summary_large_image\" \/>\n<script type=\"application\/ld+json\" class=\"yoast-schema-graph\">{\"@context\":\"https:\/\/schema.org\",\"@graph\":[{\"@type\":\"WebPage\",\"@id\":\"https:\/\/www.lamontagnesecrete.com\/en\/nos-albums\/les-quatre-saisons-du-pipa-guide-daccompagnement\/\",\"url\":\"https:\/\/www.lamontagnesecrete.com\/en\/nos-albums\/les-quatre-saisons-du-pipa-guide-daccompagnement\/\",\"name\":\"Les quatre saisons du pipa \u2013 Guide d\u2019accompagnement - La Montagne Secr\u00e8te\",\"isPartOf\":{\"@id\":\"https:\/\/www.lamontagnesecrete.com\/en\/#website\"},\"primaryImageOfPage\":{\"@id\":\"https:\/\/www.lamontagnesecrete.com\/en\/nos-albums\/les-quatre-saisons-du-pipa-guide-daccompagnement\/#primaryimage\"},\"image\":{\"@id\":\"https:\/\/www.lamontagnesecrete.com\/en\/nos-albums\/les-quatre-saisons-du-pipa-guide-daccompagnement\/#primaryimage\"},\"thumbnailUrl\":\"https:\/\/www.lamontagnesecrete.com\/wp-content\/uploads\/2023\/09\/Guide_Pipa.jpg\",\"datePublished\":\"2023-09-13T15:51:52+00:00\",\"dateModified\":\"2023-09-13T16:03:06+00:00\",\"breadcrumb\":{\"@id\":\"https:\/\/www.lamontagnesecrete.com\/en\/nos-albums\/les-quatre-saisons-du-pipa-guide-daccompagnement\/#breadcrumb\"},\"inLanguage\":\"en-US\",\"potentialAction\":[{\"@type\":\"ReadAction\",\"target\":[\"https:\/\/www.lamontagnesecrete.com\/en\/nos-albums\/les-quatre-saisons-du-pipa-guide-daccompagnement\/\"]}]},{\"@type\":\"ImageObject\",\"inLanguage\":\"en-US\",\"@id\":\"https:\/\/www.lamontagnesecrete.com\/en\/nos-albums\/les-quatre-saisons-du-pipa-guide-daccompagnement\/#primaryimage\",\"url\":\"https:\/\/www.lamontagnesecrete.com\/wp-content\/uploads\/2023\/09\/Guide_Pipa.jpg\",\"contentUrl\":\"https:\/\/www.lamontagnesecrete.com\/wp-content\/uploads\/2023\/09\/Guide_Pipa.jpg\",\"width\":1080,\"height\":570},{\"@type\":\"BreadcrumbList\",\"@id\":\"https:\/\/www.lamontagnesecrete.com\/en\/nos-albums\/les-quatre-saisons-du-pipa-guide-daccompagnement\/#breadcrumb\",\"itemListElement\":[{\"@type\":\"ListItem\",\"position\":1,\"name\":\"Priv\u00e9\u00a0: Boutique\",\"item\":\"https:\/\/www.lamontagnesecrete.com\/?page_id=265\"},{\"@type\":\"ListItem\",\"position\":2,\"name\":\"Les quatre saisons du pipa \u2013 Guide d\u2019accompagnement\"}]},{\"@type\":\"WebSite\",\"@id\":\"https:\/\/www.lamontagnesecrete.com\/en\/#website\",\"url\":\"https:\/\/www.lamontagnesecrete.com\/en\/\",\"name\":\"La Montagne Secr\u00e8te\",\"description\":\"Petits tr\u00e9sors pour grandes oreilles\",\"potentialAction\":[{\"@type\":\"SearchAction\",\"target\":{\"@type\":\"EntryPoint\",\"urlTemplate\":\"https:\/\/www.lamontagnesecrete.com\/en\/?s={search_term_string}\"},\"query-input\":{\"@type\":\"PropertyValueSpecification\",\"valueRequired\":true,\"valueName\":\"search_term_string\"}}],\"inLanguage\":\"en-US\"}]}<\/script>\n<!-- \/ Yoast SEO plugin. -->","yoast_head_json":{"title":"Les quatre saisons du pipa \u2013 Guide d\u2019accompagnement - La Montagne Secr\u00e8te","robots":{"index":"noindex","follow":"follow"},"og_locale":"en_US","og_type":"article","og_title":"Les quatre saisons du pipa \u2013 Guide d\u2019accompagnement - La Montagne Secr\u00e8te","og_description":"Ce guide d\u2019accompagnement pour l\u2019album musical Les quatre saisons du pipa a \u00e9t\u00e9 con\u00e7u pour les enseignants de 2e et 3e cycles du primaire.","og_url":"https:\/\/www.lamontagnesecrete.com\/en\/nos-albums\/les-quatre-saisons-du-pipa-guide-daccompagnement\/","og_site_name":"La Montagne Secr\u00e8te","article_modified_time":"2023-09-13T16:03:06+00:00","og_image":[{"width":1080,"height":570,"url":"https:\/\/www.lamontagnesecrete.com\/wp-content\/uploads\/2023\/09\/Guide_Pipa.jpg","type":"image\/jpeg"}],"twitter_card":"summary_large_image","schema":{"@context":"https:\/\/schema.org","@graph":[{"@type":"WebPage","@id":"https:\/\/www.lamontagnesecrete.com\/en\/nos-albums\/les-quatre-saisons-du-pipa-guide-daccompagnement\/","url":"https:\/\/www.lamontagnesecrete.com\/en\/nos-albums\/les-quatre-saisons-du-pipa-guide-daccompagnement\/","name":"Les quatre saisons du pipa \u2013 Guide d\u2019accompagnement - La Montagne Secr\u00e8te","isPartOf":{"@id":"https:\/\/www.lamontagnesecrete.com\/en\/#website"},"primaryImageOfPage":{"@id":"https:\/\/www.lamontagnesecrete.com\/en\/nos-albums\/les-quatre-saisons-du-pipa-guide-daccompagnement\/#primaryimage"},"image":{"@id":"https:\/\/www.lamontagnesecrete.com\/en\/nos-albums\/les-quatre-saisons-du-pipa-guide-daccompagnement\/#primaryimage"},"thumbnailUrl":"https:\/\/www.lamontagnesecrete.com\/wp-content\/uploads\/2023\/09\/Guide_Pipa.jpg","datePublished":"2023-09-13T15:51:52+00:00","dateModified":"2023-09-13T16:03:06+00:00","breadcrumb":{"@id":"https:\/\/www.lamontagnesecrete.com\/en\/nos-albums\/les-quatre-saisons-du-pipa-guide-daccompagnement\/#breadcrumb"},"inLanguage":"en-US","potentialAction":[{"@type":"ReadAction","target":["https:\/\/www.lamontagnesecrete.com\/en\/nos-albums\/les-quatre-saisons-du-pipa-guide-daccompagnement\/"]}]},{"@type":"ImageObject","inLanguage":"en-US","@id":"https:\/\/www.lamontagnesecrete.com\/en\/nos-albums\/les-quatre-saisons-du-pipa-guide-daccompagnement\/#primaryimage","url":"https:\/\/www.lamontagnesecrete.com\/wp-content\/uploads\/2023\/09\/Guide_Pipa.jpg","contentUrl":"https:\/\/www.lamontagnesecrete.com\/wp-content\/uploads\/2023\/09\/Guide_Pipa.jpg","width":1080,"height":570},{"@type":"BreadcrumbList","@id":"https:\/\/www.lamontagnesecrete.com\/en\/nos-albums\/les-quatre-saisons-du-pipa-guide-daccompagnement\/#breadcrumb","itemListElement":[{"@type":"ListItem","position":1,"name":"Priv\u00e9\u00a0: Boutique","item":"https:\/\/www.lamontagnesecrete.com\/?page_id=265"},{"@type":"ListItem","position":2,"name":"Les quatre saisons du pipa \u2013 Guide d\u2019accompagnement"}]},{"@type":"WebSite","@id":"https:\/\/www.lamontagnesecrete.com\/en\/#website","url":"https:\/\/www.lamontagnesecrete.com\/en\/","name":"La Montagne Secr\u00e8te","description":"Petits tr\u00e9sors pour grandes oreilles","potentialAction":[{"@type":"SearchAction","target":{"@type":"EntryPoint","urlTemplate":"https:\/\/www.lamontagnesecrete.com\/en\/?s={search_term_string}"},"query-input":{"@type":"PropertyValueSpecification","valueRequired":true,"valueName":"search_term_string"}}],"inLanguage":"en-US"}]}},"_links":{"self":[{"href":"https:\/\/www.lamontagnesecrete.com\/en\/wp-json\/wp\/v2\/product\/21211","targetHints":{"allow":["GET"]}}],"collection":[{"href":"https:\/\/www.lamontagnesecrete.com\/en\/wp-json\/wp\/v2\/product"}],"about":[{"href":"https:\/\/www.lamontagnesecrete.com\/en\/wp-json\/wp\/v2\/types\/product"}],"replies":[{"embeddable":true,"href":"https:\/\/www.lamontagnesecrete.com\/en\/wp-json\/wp\/v2\/comments?post=21211"}],"wp:featuredmedia":[{"embeddable":true,"href":"https:\/\/www.lamontagnesecrete.com\/en\/wp-json\/wp\/v2\/media\/21207"}],"wp:attachment":[{"href":"https:\/\/www.lamontagnesecrete.com\/en\/wp-json\/wp\/v2\/media?parent=21211"}],"wp:term":[{"taxonomy":"product_brand","embeddable":true,"href":"https:\/\/www.lamontagnesecrete.com\/en\/wp-json\/wp\/v2\/product_brand?post=21211"},{"taxonomy":"product_cat","embeddable":true,"href":"https:\/\/www.lamontagnesecrete.com\/en\/wp-json\/wp\/v2\/product_cat?post=21211"},{"taxonomy":"product_tag","embeddable":true,"href":"https:\/\/www.lamontagnesecrete.com\/en\/wp-json\/wp\/v2\/product_tag?post=21211"}],"curies":[{"name":"wp","href":"https:\/\/api.w.org\/{rel}","templated":true}]}}