{"id":28186,"date":"2017-04-08T19:58:35","date_gmt":"2017-04-08T23:58:35","guid":{"rendered":"https:\/\/www.lamontagnesecrete.com\/infolettreabonnement\/"},"modified":"2017-04-08T19:58:35","modified_gmt":"2017-04-08T18:58:35","slug":"infolettreabonnement","status":"publish","type":"page","link":"https:\/\/www.lamontagnesecrete.com\/en\/infolettreabonnement\/","title":{"rendered":"Abonnement \u00e0 l\u2019infolettre"},"content":{"rendered":"<div class=\"wpb-content-wrapper\"><p>[vc_row][vc_column width=&#8221;1\/4&#8243;][\/vc_column][vc_column width=&#8221;1\/2&#8243;][vc_column_text css=&#8221;&#8221;]<\/p>\n<h2>La Montagne Secr\u00e8te<\/h2>\n<p>Abonnez-vous \u00e0 notre infolettre pour rester inform\u00e9 des nouveaut\u00e9s, des offres sp\u00e9ciales, des concours et plus encore.<br \/>\nLes champs marqu\u00e9s d&#8217;un ast\u00e9risque<span style=\"color: #00b0c2;\">*<\/span> sont obligatoires.<\/p>\n<p>[\/vc_column_text][vc_empty_space][vc_column_text css=&#8221;&#8221;]<div class=\"tnp tnp-subscription \">\n<form method=\"post\" action=\"https:\/\/www.lamontagnesecrete.com\/wp-admin\/admin-ajax.php?action=tnp&amp;na=s\">\n<input type=\"hidden\" name=\"nlang\" value=\"en\">\n<div class=\"tnp-field tnp-field-firstname\"><label for=\"tnp-1\">Pr\u00e9nom *<\/label>\n<input class=\"tnp-name\" type=\"text\" name=\"nn\" id=\"tnp-1\" value=\"\" placeholder=\"\" required><\/div>\n<div class=\"tnp-field tnp-field-surname\"><label for=\"tnp-2\">Pr\u00e9nom *<\/label>\n<input class=\"tnp-surname\" type=\"text\" name=\"ns\" id=\"tnp-2\" value=\"\" placeholder=\"\" required><\/div><div class=\"tnp-field tnp-field-email\"><label for=\"tnp-3\">Courriel *<\/label>\n<input class=\"tnp-email\" type=\"email\" name=\"ne\" id=\"tnp-3\" value=\"\" placeholder=\"\" required><\/div>\n<div class=\"tnp-field tnp-field-gender\"><label for=\"tnp-4\">Genre<\/label>\n<select name=\"nx\" class=\"tnp-gender\" id=\"tnp-gender\"><option value=\"n\">Ne d\u00e9sire pas r\u00e9pondre<\/option><option value=\"f\">Femme<\/option><option value=\"m\">Homme<\/option><\/select><\/div>\n<div class=\"tnp-field tnp-field-profile\"><label for=\"tnp-5\">Date de naissance<\/label>\n<input class=\"tnp-profile tnp-profile-1\" id=\"tnp-profile_1\" type=\"text\" size=\"\" name=\"np1\" placeholder=\"\"><\/div>\n<div class=\"tnp-field tnp-field-profile\"><label for=\"tnp-6\">Occupation<\/label>\n<input class=\"tnp-profile tnp-profile-2\" id=\"tnp-profile_2\" type=\"text\" size=\"\" name=\"np2\" placeholder=\"\"><\/div>\n<div class=\"tnp-field tnp-field-profile\"><label for=\"tnp-7\">Pays<\/label>\n<input class=\"tnp-profile tnp-profile-3\" id=\"tnp-profile_3\" type=\"text\" size=\"\" name=\"np3\" placeholder=\"\"><\/div>\n<div class=\"tnp-field tnp-privacy-field\"><label><input type=\"checkbox\" name=\"ny\" required class=\"tnp-privacy\"> <a target=\"_blank\" href=\"https:\/\/www.lamontagnesecrete.com\/confidentialite-et-securite-2\/\">En continuant, vous acceptez la politique de confidentialit\u00e9<\/a><\/label><\/div><div class=\"tnp-field tnp-field-button\" style=\"text-align: left\"><input class=\"tnp-submit\" type=\"submit\" value=\"Abonnez-vous \u00e0 l\u2019infolettre\" style=\"\">\n<\/div>\n<\/form>\n<\/div>\n[\/vc_column_text][vc_empty_space][vc_column_text css=&#8221;&#8221;]J&#8217;accepte de recevoir vos newsletters et accepte la d\u00e9claration de confidentialit\u00e9 des donn\u00e9es.<br \/>\nVous pouvez vous d\u00e9sinscrire \u00e0 tout moment en utilisant le lien pr\u00e9sent dans notre infolettre.[\/vc_column_text][\/vc_column][vc_column width=&#8221;1\/4&#8243;][\/vc_column][\/vc_row][vc_row][vc_column][\/vc_column][\/vc_row]<\/p>\n<\/div>","protected":false},"excerpt":{"rendered":"<p>[vc_row][vc_column width=&#8221;1\/4&#8243;][\/vc_column][vc_column width=&#8221;1\/2&#8243;][vc_column_text css=&#8221;&#8221;] La Montagne Secr\u00e8te Abonnez-vous \u00e0 notre infolettre pour rester inform\u00e9 des nouveaut\u00e9s, des offres sp\u00e9ciales, des concours et plus encore. Les champs marqu\u00e9s d&#8217;un ast\u00e9risque* sont obligatoires. [\/vc_column_text][vc_empty_space][vc_column_text css=&#8221;&#8221;][\/vc_column_text][vc_empty_space][vc_column_text css=&#8221;&#8221;]J&#8217;accepte de recevoir vos newsletters et accepte la d\u00e9claration de confidentialit\u00e9 des donn\u00e9es. Vous pouvez vous d\u00e9sinscrire \u00e0 tout moment en utilisant &hellip;<\/p>\n","protected":false},"author":1,"featured_media":0,"parent":0,"menu_order":0,"comment_status":"closed","ping_status":"closed","template":"","meta":{"_acf_changed":false,"_exactmetrics_skip_tracking":false,"_exactmetrics_sitenote_active":false,"_exactmetrics_sitenote_note":"","_exactmetrics_sitenote_category":0,"footnotes":""},"categories":[],"tags":[],"class_list":["post-28186","page","type-page","status-publish","hentry"],"acf":[],"yoast_head":"<!-- This site is optimized with the Yoast SEO plugin v26.9 - https:\/\/yoast.com\/product\/yoast-seo-wordpress\/ -->\n<title>Abonnement \u00e0 l\u2019infolettre - La Montagne Secr\u00e8te<\/title>\n<meta name=\"robots\" content=\"index, follow, max-snippet:-1, max-image-preview:large, max-video-preview:-1\" \/>\n<link rel=\"canonical\" href=\"https:\/\/www.lamontagnesecrete.com\/en\/infolettreabonnement\/\" \/>\n<meta property=\"og:locale\" content=\"en_US\" \/>\n<meta property=\"og:type\" content=\"article\" \/>\n<meta property=\"og:title\" content=\"Abonnement \u00e0 l\u2019infolettre - La Montagne Secr\u00e8te\" \/>\n<meta property=\"og:description\" content=\"[vc_row][vc_column width=&#8221;1\/4&#8243;][\/vc_column][vc_column width=&#8221;1\/2&#8243;][vc_column_text css=&#8221;&#8221;] La Montagne Secr\u00e8te Abonnez-vous \u00e0 notre infolettre pour rester inform\u00e9 des nouveaut\u00e9s, des offres sp\u00e9ciales, des concours et plus encore. Les champs marqu\u00e9s d&#8217;un ast\u00e9risque* sont obligatoires. [\/vc_column_text][vc_empty_space][vc_column_text css=&#8221;&#8221;][\/vc_column_text][vc_empty_space][vc_column_text css=&#8221;&#8221;]J&#8217;accepte de recevoir vos newsletters et accepte la d\u00e9claration de confidentialit\u00e9 des donn\u00e9es. Vous pouvez vous d\u00e9sinscrire \u00e0 tout moment en utilisant &hellip;\" \/>\n<meta property=\"og:url\" content=\"https:\/\/www.lamontagnesecrete.com\/en\/infolettreabonnement\/\" \/>\n<meta property=\"og:site_name\" content=\"La Montagne Secr\u00e8te\" \/>\n<meta name=\"twitter:card\" content=\"summary_large_image\" \/>\n<meta name=\"twitter:label1\" content=\"Est. reading time\" \/>\n\t<meta name=\"twitter:data1\" content=\"1 minute\" \/>\n<script type=\"application\/ld+json\" class=\"yoast-schema-graph\">{\"@context\":\"https:\/\/schema.org\",\"@graph\":[{\"@type\":\"WebPage\",\"@id\":\"https:\/\/www.lamontagnesecrete.com\/en\/infolettreabonnement\/\",\"url\":\"https:\/\/www.lamontagnesecrete.com\/en\/infolettreabonnement\/\",\"name\":\"Abonnement \u00e0 l\u2019infolettre - La Montagne Secr\u00e8te\",\"isPartOf\":{\"@id\":\"https:\/\/www.lamontagnesecrete.com\/en\/#website\"},\"datePublished\":\"2017-04-08T23:58:35+00:00\",\"inLanguage\":\"en-US\",\"potentialAction\":[{\"@type\":\"ReadAction\",\"target\":[\"https:\/\/www.lamontagnesecrete.com\/en\/infolettreabonnement\/\"]}]},{\"@type\":\"WebSite\",\"@id\":\"https:\/\/www.lamontagnesecrete.com\/en\/#website\",\"url\":\"https:\/\/www.lamontagnesecrete.com\/en\/\",\"name\":\"La Montagne Secr\u00e8te\",\"description\":\"Petits tr\u00e9sors pour grandes oreilles\",\"potentialAction\":[{\"@type\":\"SearchAction\",\"target\":{\"@type\":\"EntryPoint\",\"urlTemplate\":\"https:\/\/www.lamontagnesecrete.com\/en\/?s={search_term_string}\"},\"query-input\":{\"@type\":\"PropertyValueSpecification\",\"valueRequired\":true,\"valueName\":\"search_term_string\"}}],\"inLanguage\":\"en-US\"}]}<\/script>\n<!-- \/ Yoast SEO plugin. -->","yoast_head_json":{"title":"Abonnement \u00e0 l\u2019infolettre - La Montagne Secr\u00e8te","robots":{"index":"index","follow":"follow","max-snippet":"max-snippet:-1","max-image-preview":"max-image-preview:large","max-video-preview":"max-video-preview:-1"},"canonical":"https:\/\/www.lamontagnesecrete.com\/en\/infolettreabonnement\/","og_locale":"en_US","og_type":"article","og_title":"Abonnement \u00e0 l\u2019infolettre - La Montagne Secr\u00e8te","og_description":"[vc_row][vc_column width=&#8221;1\/4&#8243;][\/vc_column][vc_column width=&#8221;1\/2&#8243;][vc_column_text css=&#8221;&#8221;] La Montagne Secr\u00e8te Abonnez-vous \u00e0 notre infolettre pour rester inform\u00e9 des nouveaut\u00e9s, des offres sp\u00e9ciales, des concours et plus encore. Les champs marqu\u00e9s d&#8217;un ast\u00e9risque* sont obligatoires. [\/vc_column_text][vc_empty_space][vc_column_text css=&#8221;&#8221;][\/vc_column_text][vc_empty_space][vc_column_text css=&#8221;&#8221;]J&#8217;accepte de recevoir vos newsletters et accepte la d\u00e9claration de confidentialit\u00e9 des donn\u00e9es. Vous pouvez vous d\u00e9sinscrire \u00e0 tout moment en utilisant &hellip;","og_url":"https:\/\/www.lamontagnesecrete.com\/en\/infolettreabonnement\/","og_site_name":"La Montagne Secr\u00e8te","twitter_card":"summary_large_image","twitter_misc":{"Est. reading time":"1 minute"},"schema":{"@context":"https:\/\/schema.org","@graph":[{"@type":"WebPage","@id":"https:\/\/www.lamontagnesecrete.com\/en\/infolettreabonnement\/","url":"https:\/\/www.lamontagnesecrete.com\/en\/infolettreabonnement\/","name":"Abonnement \u00e0 l\u2019infolettre - La Montagne Secr\u00e8te","isPartOf":{"@id":"https:\/\/www.lamontagnesecrete.com\/en\/#website"},"datePublished":"2017-04-08T23:58:35+00:00","inLanguage":"en-US","potentialAction":[{"@type":"ReadAction","target":["https:\/\/www.lamontagnesecrete.com\/en\/infolettreabonnement\/"]}]},{"@type":"WebSite","@id":"https:\/\/www.lamontagnesecrete.com\/en\/#website","url":"https:\/\/www.lamontagnesecrete.com\/en\/","name":"La Montagne Secr\u00e8te","description":"Petits tr\u00e9sors pour grandes oreilles","potentialAction":[{"@type":"SearchAction","target":{"@type":"EntryPoint","urlTemplate":"https:\/\/www.lamontagnesecrete.com\/en\/?s={search_term_string}"},"query-input":{"@type":"PropertyValueSpecification","valueRequired":true,"valueName":"search_term_string"}}],"inLanguage":"en-US"}]}},"_links":{"self":[{"href":"https:\/\/www.lamontagnesecrete.com\/en\/wp-json\/wp\/v2\/pages\/28186","targetHints":{"allow":["GET"]}}],"collection":[{"href":"https:\/\/www.lamontagnesecrete.com\/en\/wp-json\/wp\/v2\/pages"}],"about":[{"href":"https:\/\/www.lamontagnesecrete.com\/en\/wp-json\/wp\/v2\/types\/page"}],"author":[{"embeddable":true,"href":"https:\/\/www.lamontagnesecrete.com\/en\/wp-json\/wp\/v2\/users\/1"}],"replies":[{"embeddable":true,"href":"https:\/\/www.lamontagnesecrete.com\/en\/wp-json\/wp\/v2\/comments?post=28186"}],"version-history":[{"count":0,"href":"https:\/\/www.lamontagnesecrete.com\/en\/wp-json\/wp\/v2\/pages\/28186\/revisions"}],"wp:attachment":[{"href":"https:\/\/www.lamontagnesecrete.com\/en\/wp-json\/wp\/v2\/media?parent=28186"}],"wp:term":[{"taxonomy":"category","embeddable":true,"href":"https:\/\/www.lamontagnesecrete.com\/en\/wp-json\/wp\/v2\/categories?post=28186"},{"taxonomy":"post_tag","embeddable":true,"href":"https:\/\/www.lamontagnesecrete.com\/en\/wp-json\/wp\/v2\/tags?post=28186"}],"curies":[{"name":"wp","href":"https:\/\/api.w.org\/{rel}","templated":true}]}}